{"id":10022,"date":"2021-11-26T12:46:24","date_gmt":"2021-11-26T12:46:24","guid":{"rendered":"https:\/\/virtualcube-engineering.com\/blog\/"},"modified":"2022-04-19T13:13:47","modified_gmt":"2022-04-19T13:13:47","slug":"blog","status":"publish","type":"page","link":"https:\/\/virtualcube-engineering.com\/ca\/blog\/","title":{"rendered":"Blog"},"content":{"rendered":"","protected":false},"excerpt":{"rendered":"","protected":false},"author":1,"featured_media":0,"parent":0,"menu_order":0,"comment_status":"closed","ping_status":"closed","template":"blog-masonry-full-width.php","meta":[],"yoast_head":"<!-- This site is optimized with the Yoast SEO plugin v18.8 - https:\/\/yoast.com\/wordpress\/plugins\/seo\/ -->\n<title>Blog - Ingenieros de Software y Sistemas - Virtual Cube Engineering<\/title>\n<meta name=\"description\" content=\"Blog tecnol\u00f2gic de Virtual Cube Engineering. Posts d&#039;ajuda a l&#039;usuari\" \/>\n<meta name=\"robots\" content=\"index, follow, max-snippet:-1, max-image-preview:large, max-video-preview:-1\" \/>\n<link rel=\"canonical\" href=\"https:\/\/virtualcube-engineering.com\/ca\/blog\/\" \/>\n<meta property=\"og:locale\" content=\"ca_ES\" \/>\n<meta property=\"og:type\" content=\"article\" \/>\n<meta property=\"og:title\" content=\"Blog - Ingenieros de Software y Sistemas - Virtual Cube Engineering\" \/>\n<meta property=\"og:description\" content=\"Blog tecnol\u00f2gic de Virtual Cube Engineering. Posts d&#039;ajuda a l&#039;usuari\" \/>\n<meta property=\"og:url\" content=\"https:\/\/virtualcube-engineering.com\/ca\/blog\/\" \/>\n<meta property=\"og:site_name\" content=\"Ingenieros de Software y Sistemas - Virtual Cube Engineering\" \/>\n<meta property=\"article:modified_time\" content=\"2022-04-19T13:13:47+00:00\" \/>\n<meta name=\"twitter:card\" content=\"summary_large_image\" \/>\n<script type=\"application\/ld+json\" class=\"yoast-schema-graph\">{\"@context\":\"https:\/\/schema.org\",\"@graph\":[{\"@type\":\"Organization\",\"@id\":\"https:\/\/virtualcube-engineering.com\/#organization\",\"name\":\"VIRTUAL CUBE ENGINEERING - EL BIT ALEGRE SL\",\"url\":\"https:\/\/virtualcube-engineering.com\/\",\"sameAs\":[],\"logo\":{\"@type\":\"ImageObject\",\"inLanguage\":\"ca\",\"@id\":\"https:\/\/virtualcube-engineering.com\/#\/schema\/logo\/image\/\",\"url\":\"https:\/\/virtualcube-engineering.com\/wp-content\/uploads\/2022\/04\/logo-virtual-cube-header.png\",\"contentUrl\":\"https:\/\/virtualcube-engineering.com\/wp-content\/uploads\/2022\/04\/logo-virtual-cube-header.png\",\"width\":842,\"height\":158,\"caption\":\"VIRTUAL CUBE ENGINEERING - EL BIT ALEGRE SL\"},\"image\":{\"@id\":\"https:\/\/virtualcube-engineering.com\/#\/schema\/logo\/image\/\"}},{\"@type\":\"WebSite\",\"@id\":\"https:\/\/virtualcube-engineering.com\/#website\",\"url\":\"https:\/\/virtualcube-engineering.com\/\",\"name\":\"Ingenieros de Software y Sistemas - Virtual Cube Engineering\",\"description\":\"Gesti\u00f3n IT, administraci\u00f3n de sistemas, programaci\u00f3n a medida, procesos, software ERP y CRM para empresas\",\"publisher\":{\"@id\":\"https:\/\/virtualcube-engineering.com\/#organization\"},\"potentialAction\":[{\"@type\":\"SearchAction\",\"target\":{\"@type\":\"EntryPoint\",\"urlTemplate\":\"https:\/\/virtualcube-engineering.com\/?s={search_term_string}\"},\"query-input\":\"required name=search_term_string\"}],\"inLanguage\":\"ca\"},{\"@type\":\"WebPage\",\"@id\":\"https:\/\/virtualcube-engineering.com\/ca\/blog\/#webpage\",\"url\":\"https:\/\/virtualcube-engineering.com\/ca\/blog\/\",\"name\":\"Blog - Ingenieros de Software y Sistemas - Virtual Cube Engineering\",\"isPartOf\":{\"@id\":\"https:\/\/virtualcube-engineering.com\/#website\"},\"datePublished\":\"2021-11-26T12:46:24+00:00\",\"dateModified\":\"2022-04-19T13:13:47+00:00\",\"description\":\"Blog tecnol\u00f2gic de Virtual Cube Engineering. Posts d'ajuda a l'usuari\",\"breadcrumb\":{\"@id\":\"https:\/\/virtualcube-engineering.com\/ca\/blog\/#breadcrumb\"},\"inLanguage\":\"ca\",\"potentialAction\":[{\"@type\":\"ReadAction\",\"target\":[\"https:\/\/virtualcube-engineering.com\/ca\/blog\/\"]}]},{\"@type\":\"BreadcrumbList\",\"@id\":\"https:\/\/virtualcube-engineering.com\/ca\/blog\/#breadcrumb\",\"itemListElement\":[{\"@type\":\"ListItem\",\"position\":1,\"name\":\"Portada\",\"item\":\"https:\/\/virtualcube-engineering.com\/ca\/\"},{\"@type\":\"ListItem\",\"position\":2,\"name\":\"Blog\"}]}]}<\/script>\n<!-- \/ Yoast SEO plugin. -->","yoast_head_json":{"title":"Blog - Ingenieros de Software y Sistemas - Virtual Cube Engineering","description":"Blog tecnol\u00f2gic de Virtual Cube Engineering. Posts d'ajuda a l'usuari","robots":{"index":"index","follow":"follow","max-snippet":"max-snippet:-1","max-image-preview":"max-image-preview:large","max-video-preview":"max-video-preview:-1"},"canonical":"https:\/\/virtualcube-engineering.com\/ca\/blog\/","og_locale":"ca_ES","og_type":"article","og_title":"Blog - Ingenieros de Software y Sistemas - Virtual Cube Engineering","og_description":"Blog tecnol\u00f2gic de Virtual Cube Engineering. Posts d'ajuda a l'usuari","og_url":"https:\/\/virtualcube-engineering.com\/ca\/blog\/","og_site_name":"Ingenieros de Software y Sistemas - Virtual Cube Engineering","article_modified_time":"2022-04-19T13:13:47+00:00","twitter_card":"summary_large_image","schema":{"@context":"https:\/\/schema.org","@graph":[{"@type":"Organization","@id":"https:\/\/virtualcube-engineering.com\/#organization","name":"VIRTUAL CUBE ENGINEERING - EL BIT ALEGRE SL","url":"https:\/\/virtualcube-engineering.com\/","sameAs":[],"logo":{"@type":"ImageObject","inLanguage":"ca","@id":"https:\/\/virtualcube-engineering.com\/#\/schema\/logo\/image\/","url":"https:\/\/virtualcube-engineering.com\/wp-content\/uploads\/2022\/04\/logo-virtual-cube-header.png","contentUrl":"https:\/\/virtualcube-engineering.com\/wp-content\/uploads\/2022\/04\/logo-virtual-cube-header.png","width":842,"height":158,"caption":"VIRTUAL CUBE ENGINEERING - EL BIT ALEGRE SL"},"image":{"@id":"https:\/\/virtualcube-engineering.com\/#\/schema\/logo\/image\/"}},{"@type":"WebSite","@id":"https:\/\/virtualcube-engineering.com\/#website","url":"https:\/\/virtualcube-engineering.com\/","name":"Ingenieros de Software y Sistemas - Virtual Cube Engineering","description":"Gesti\u00f3n IT, administraci\u00f3n de sistemas, programaci\u00f3n a medida, procesos, software ERP y CRM para empresas","publisher":{"@id":"https:\/\/virtualcube-engineering.com\/#organization"},"potentialAction":[{"@type":"SearchAction","target":{"@type":"EntryPoint","urlTemplate":"https:\/\/virtualcube-engineering.com\/?s={search_term_string}"},"query-input":"required name=search_term_string"}],"inLanguage":"ca"},{"@type":"WebPage","@id":"https:\/\/virtualcube-engineering.com\/ca\/blog\/#webpage","url":"https:\/\/virtualcube-engineering.com\/ca\/blog\/","name":"Blog - Ingenieros de Software y Sistemas - Virtual Cube Engineering","isPartOf":{"@id":"https:\/\/virtualcube-engineering.com\/#website"},"datePublished":"2021-11-26T12:46:24+00:00","dateModified":"2022-04-19T13:13:47+00:00","description":"Blog tecnol\u00f2gic de Virtual Cube Engineering. Posts d'ajuda a l'usuari","breadcrumb":{"@id":"https:\/\/virtualcube-engineering.com\/ca\/blog\/#breadcrumb"},"inLanguage":"ca","potentialAction":[{"@type":"ReadAction","target":["https:\/\/virtualcube-engineering.com\/ca\/blog\/"]}]},{"@type":"BreadcrumbList","@id":"https:\/\/virtualcube-engineering.com\/ca\/blog\/#breadcrumb","itemListElement":[{"@type":"ListItem","position":1,"name":"Portada","item":"https:\/\/virtualcube-engineering.com\/ca\/"},{"@type":"ListItem","position":2,"name":"Blog"}]}]}},"_links":{"self":[{"href":"https:\/\/virtualcube-engineering.com\/ca\/wp-json\/wp\/v2\/pages\/10022"}],"collection":[{"href":"https:\/\/virtualcube-engineering.com\/ca\/wp-json\/wp\/v2\/pages"}],"about":[{"href":"https:\/\/virtualcube-engineering.com\/ca\/wp-json\/wp\/v2\/types\/page"}],"author":[{"embeddable":true,"href":"https:\/\/virtualcube-engineering.com\/ca\/wp-json\/wp\/v2\/users\/1"}],"replies":[{"embeddable":true,"href":"https:\/\/virtualcube-engineering.com\/ca\/wp-json\/wp\/v2\/comments?post=10022"}],"version-history":[{"count":1,"href":"https:\/\/virtualcube-engineering.com\/ca\/wp-json\/wp\/v2\/pages\/10022\/revisions"}],"predecessor-version":[{"id":10024,"href":"https:\/\/virtualcube-engineering.com\/ca\/wp-json\/wp\/v2\/pages\/10022\/revisions\/10024"}],"wp:attachment":[{"href":"https:\/\/virtualcube-engineering.com\/ca\/wp-json\/wp\/v2\/media?parent=10022"}],"curies":[{"name":"wp","href":"https:\/\/api.w.org\/{rel}","templated":true}]}}