{"id":9833,"date":"2021-11-26T12:48:58","date_gmt":"2021-11-26T12:48:58","guid":{"rendered":"https:\/\/virtualcube-engineering.com\/portfoli\/"},"modified":"2022-05-04T12:10:38","modified_gmt":"2022-05-04T12:10:38","slug":"portfoli","status":"publish","type":"page","link":"https:\/\/virtualcube-engineering.com\/ca\/portfoli\/","title":{"rendered":"Portfoli"},"content":{"rendered":"\t\t<div data-elementor-type=\"wp-page\" data-elementor-id=\"9833\" class=\"elementor elementor-9833 elementor-7929\">\n\t\t\t\t\t\t\t\t\t<section class=\"elementor-section elementor-top-section elementor-element elementor-element-6f5b311c qodef_elementor_container_inner elementor-section-boxed elementor-section-height-default elementor-section-height-default parallax_section_no\" data-id=\"6f5b311c\" data-element_type=\"section\">\n\t\t\t\t\t\t<div class=\"elementor-container elementor-column-gap-default\">\n\t\t\t\t\t<div class=\"elementor-column elementor-col-100 elementor-top-column elementor-element elementor-element-70057ccf\" data-id=\"70057ccf\" data-element_type=\"column\">\n\t\t\t<div class=\"elementor-widget-wrap elementor-element-populated\">\n\t\t\t\t\t\t\t\t<div class=\"elementor-element elementor-element-196f09d elementor-widget elementor-widget-qodef_portfolio_list\" data-id=\"196f09d\" data-element_type=\"widget\" data-widget_type=\"qodef_portfolio_list.default\">\n\t\t\t\t<div class=\"elementor-widget-container\">\n\t\t\t<div class = \"qodef-portfolio-list-holder-outer qodef-ptf-gallery qodef-ptf-gallery-space qodef-ptf-four-columns qodef-ptf-load-more qodef-ptf-has-filter\" data-next-page= 2 data-type= gallery-space data-columns= four data-order-by= date data-order= ASC data-number= 16 data-filter= yes data-filter-order-by= name data-show-load-more= yes data-title-tag= h5 data-max-num-pages = 1><div class = \"qodef-portfolio-filter-holder\">\n\t<div class = \"qodef-portfolio-filter-holder-inner\">\n\t\t\t\t<ul>\n\t\t\t\n\t\t\t<li data-class=\"filter_1681329654\" class=\"filter_1681329654\" data-filter=\"all\"><span>All<\/span><\/li>\n\t\t\t\n\t\t\t\t\t\t\t<li data-class=\"filter_1681329654\" class=\"filter_1681329654\" data-filter = \".portfolio_category_299\">\n\t\t\t\t\t<span>\n\t\t\t\t\t\tAdministraci\u00f3 Sistemes\t\t\t\t\t<\/span>\n\t\t\t\t<\/li>\n\t\t\t\t\t\t\t<li data-class=\"filter_1681329654\" class=\"filter_1681329654\" data-filter = \".portfolio_category_303\">\n\t\t\t\t\t<span>\n\t\t\t\t\t\tAutomatitzaci\u00f3 CI\/CD de processos\t\t\t\t\t<\/span>\n\t\t\t\t<\/li>\n\t\t\t\t\t\t\t<li data-class=\"filter_1681329654\" class=\"filter_1681329654\" data-filter = \".portfolio_category_169\">\n\t\t\t\t\t<span>\n\t\t\t\t\t\tAutomatitzaci\u00f3 de processos\t\t\t\t\t<\/span>\n\t\t\t\t<\/li>\n\t\t\t\t\t\t\t<li data-class=\"filter_1681329654\" class=\"filter_1681329654\" data-filter = \".portfolio_category_271\">\n\t\t\t\t\t<span>\n\t\t\t\t\t\tCabines de disc iSCSI i NAS\t\t\t\t\t<\/span>\n\t\t\t\t<\/li>\n\t\t\t\t\t\t\t<li data-class=\"filter_1681329654\" class=\"filter_1681329654\" data-filter = \".portfolio_category_265\">\n\t\t\t\t\t<span>\n\t\t\t\t\t\tCentralitzaci\u00f3 i control de processos\t\t\t\t\t<\/span>\n\t\t\t\t<\/li>\n\t\t\t\t\t\t\t<li data-class=\"filter_1681329654\" class=\"filter_1681329654\" data-filter = \".portfolio_category_167\">\n\t\t\t\t\t<span>\n\t\t\t\t\t\tCentres de dades (CDN)\t\t\t\t\t<\/span>\n\t\t\t\t<\/li>\n\t\t\t\t\t\t\t<li data-class=\"filter_1681329654\" class=\"filter_1681329654\" data-filter = \".portfolio_category_274\">\n\t\t\t\t\t<span>\n\t\t\t\t\t\tDeployment de m\u00e0quines i serveis\t\t\t\t\t<\/span>\n\t\t\t\t<\/li>\n\t\t\t\t\t\t\t<li data-class=\"filter_1681329654\" class=\"filter_1681329654\" data-filter = \".portfolio_category_282\">\n\t\t\t\t\t<span>\n\t\t\t\t\t\tDeployment i administraci\u00f3 VMWare\t\t\t\t\t<\/span>\n\t\t\t\t<\/li>\n\t\t\t\t\t\t\t<li data-class=\"filter_1681329654\" class=\"filter_1681329654\" data-filter = \".portfolio_category_268\">\n\t\t\t\t\t<span>\n\t\t\t\t\t\tDetecci\u00f3, categoritzaci\u00f3 i disseny de processos\t\t\t\t\t<\/span>\n\t\t\t\t<\/li>\n\t\t\t\t\t\t\t<li data-class=\"filter_1681329654\" class=\"filter_1681329654\" data-filter = \".portfolio_category_173\">\n\t\t\t\t\t<span>\n\t\t\t\t\t\tDisseny i programaci\u00f3 de programari corporatiu\t\t\t\t\t<\/span>\n\t\t\t\t<\/li>\n\t\t\t\t\t\t\t<li data-class=\"filter_1681329654\" class=\"filter_1681329654\" data-filter = \".portfolio_category_171\">\n\t\t\t\t\t<span>\n\t\t\t\t\t\tEnginyeria de Programari\t\t\t\t\t<\/span>\n\t\t\t\t<\/li>\n\t\t\t\t\t\t\t<li data-class=\"filter_1681329654\" class=\"filter_1681329654\" data-filter = \".portfolio_category_163\">\n\t\t\t\t\t<span>\n\t\t\t\t\t\tGesti\u00f3 d'IT\t\t\t\t\t<\/span>\n\t\t\t\t<\/li>\n\t\t\t\t\t\t\t<li data-class=\"filter_1681329654\" class=\"filter_1681329654\" data-filter = \".portfolio_category_165\">\n\t\t\t\t\t<span>\n\t\t\t\t\t\tInfraestructura de xarxes\t\t\t\t\t<\/span>\n\t\t\t\t<\/li>\n\t\t\t\t\t\t\t<li data-class=\"filter_1681329654\" class=\"filter_1681329654\" data-filter = \".portfolio_category_284\">\n\t\t\t\t\t<span>\n\t\t\t\t\t\tInfraestructura de xarxes virtuals\t\t\t\t\t<\/span>\n\t\t\t\t<\/li>\n\t\t\t\t\t\t\t<li data-class=\"filter_1681329654\" class=\"filter_1681329654\" data-filter = \".portfolio_category_279\">\n\t\t\t\t\t<span>\n\t\t\t\t\t\tIntegraci\u00f3 de veu i v\u00eddeo\t\t\t\t\t<\/span>\n\t\t\t\t<\/li>\n\t\t\t\t\t\t\t<li data-class=\"filter_1681329654\" class=\"filter_1681329654\" data-filter = \".portfolio_category_288\">\n\t\t\t\t\t<span>\n\t\t\t\t\t\tInterconnexi\u00f3 segura de seus\t\t\t\t\t<\/span>\n\t\t\t\t<\/li>\n\t\t\t\t\t\t\t<li data-class=\"filter_1681329654\" class=\"filter_1681329654\" data-filter = \".portfolio_category_175\">\n\t\t\t\t\t<span>\n\t\t\t\t\t\tProgramaci\u00f3 apps per a cloud\t\t\t\t\t<\/span>\n\t\t\t\t<\/li>\n\t\t\t\t\t\t\t<li data-class=\"filter_1681329654\" class=\"filter_1681329654\" data-filter = \".portfolio_category_270\">\n\t\t\t\t\t<span>\n\t\t\t\t\t\tProgramaci\u00f3 de processos autom\u00e0tics\t\t\t\t\t<\/span>\n\t\t\t\t<\/li>\n\t\t\t\t\t\t\t<li data-class=\"filter_1681329654\" class=\"filter_1681329654\" data-filter = \".portfolio_category_295\">\n\t\t\t\t\t<span>\n\t\t\t\t\t\tRecursos IT\t\t\t\t\t<\/span>\n\t\t\t\t<\/li>\n\t\t\t\t\t\t\t<li data-class=\"filter_1681329654\" class=\"filter_1681329654\" data-filter = \".portfolio_category_293\">\n\t\t\t\t\t<span>\n\t\t\t\t\t\tServeis IT\t\t\t\t\t<\/span>\n\t\t\t\t<\/li>\n\t\t\t\t\t\t\t<li data-class=\"filter_1681329654\" class=\"filter_1681329654\" data-filter = \".portfolio_category_286\">\n\t\t\t\t\t<span>\n\t\t\t\t\t\tVirtualitzaci\u00f3 de servidors i serveis\t\t\t\t\t<\/span>\n\t\t\t\t<\/li>\n\t\t\t\t\t\t\t<li data-class=\"filter_1681329654\" class=\"filter_1681329654\" data-filter = \".portfolio_category_177\">\n\t\t\t\t\t<span>\n\t\t\t\t\t\tWebapps i serveis corporatius\t\t\t\t\t<\/span>\n\t\t\t\t<\/li>\n\t\t\t\t\t\t\t<li data-class=\"filter_1681329654\" class=\"filter_1681329654\" data-filter = \".portfolio_category_290\">\n\t\t\t\t\t<span>\n\t\t\t\t\t\tXarxes de backup\t\t\t\t\t<\/span>\n\t\t\t\t<\/li>\n\t\t\t\t\t<\/ul> \n\t\t\t<\/div>\t\t\n<\/div><div class = \"qodef-portfolio-list-holder clearfix\" >\n<article class=\"qodef-portfolio-item mix portfolio_category_173 portfolio_category_171 portfolio_category_175 portfolio_category_177\" >\n\t<a class =\"qodef-portfolio-link\" href=\"https:\/\/virtualcube-engineering.com\/ca\/portfolio-item\/erp-crm-gestio-inmobiliaria-i-real-state-propertytech\/\" target=\"_self\"><\/a>\n\t<div class = \"qodef-item-image-holder\">\n\t<div class=\"qodef-portfolio-shader\"><\/div>\t\n\t<img width=\"800\" height=\"600\" src=\"https:\/\/virtualcube-engineering.com\/wp-content\/uploads\/2015\/10\/Captura-de-pantalla-2022-03-29-a-las-18.46.54-800x600.png\" class=\"attachment-qode_startit_landscape size-qode_startit_landscape wp-post-image\" alt=\"\" loading=\"lazy\" \/>\t\t\t\t\n\t<\/div>\n\t<div class=\"qodef-item-text-overlay\">\n\t\t<div class=\"qodef-item-text-overlay-inner\">\n\t\t\t<div class=\"qodef-item-text-holder\">\n\t\t\t\t<h5 class=\"qodef-item-title\">\n\t\t\t\t\tERP \/ CRM Gesti\u00f3 Inmobili\u00e0ria i Real State #PropertyTech\t\t\t\t<\/h5>\t\n\t\t\t\t<div class=\"qodef-ptf-category-holder\"><span>Disseny i programaci\u00f3 de programari corporatiu<\/span> <span>\/<\/span> <span>Enginyeria de Programari<\/span> <span>\/<\/span> <span>Programaci\u00f3 apps per a cloud<\/span> <span>\/<\/span> <span>Webapps i serveis corporatius<\/span><\/div>\t\t\t<\/div>\n\t\t<\/div>\t\n\t<\/div>\n<\/article>\n\n\n<article class=\"qodef-portfolio-item mix portfolio_category_299 portfolio_category_167 portfolio_category_165 portfolio_category_284 portfolio_category_293\" >\n\t<a class =\"qodef-portfolio-link\" href=\"https:\/\/virtualcube-engineering.com\/ca\/portfolio-item\/datacenters-virtualizacions-i-implementacio-dinfraestructures-de-xarxa-fisiques-i-virtuals\/\" target=\"_self\"><\/a>\n\t<div class = \"qodef-item-image-holder\">\n\t<div class=\"qodef-portfolio-shader\"><\/div>\t\n\t<img width=\"800\" height=\"600\" src=\"https:\/\/virtualcube-engineering.com\/wp-content\/uploads\/2015\/10\/toni_administrando-800x600.jpg\" class=\"attachment-qode_startit_landscape size-qode_startit_landscape wp-post-image\" alt=\"\" loading=\"lazy\" \/>\t\t\t\t\n\t<\/div>\n\t<div class=\"qodef-item-text-overlay\">\n\t\t<div class=\"qodef-item-text-overlay-inner\">\n\t\t\t<div class=\"qodef-item-text-holder\">\n\t\t\t\t<h5 class=\"qodef-item-title\">\n\t\t\t\t\tDatacenters, virtualizacions, i implementaci\u00f3 d&#8217;infraestructures de xarxa f\u00edsiques i virtuals\t\t\t\t<\/h5>\t\n\t\t\t\t<div class=\"qodef-ptf-category-holder\"><span>Administraci\u00f3 Sistemes<\/span> <span>\/<\/span> <span>Centres de dades (CDN)<\/span> <span>\/<\/span> <span>Infraestructura de xarxes<\/span> <span>\/<\/span> <span>Infraestructura de xarxes virtuals<\/span> <span>\/<\/span> <span>Serveis IT<\/span><\/div>\t\t\t<\/div>\n\t\t<\/div>\t\n\t<\/div>\n<\/article>\n\n\n<article class=\"qodef-portfolio-item mix portfolio_category_169 portfolio_category_173 portfolio_category_171\" >\n\t<a class =\"qodef-portfolio-link\" href=\"https:\/\/virtualcube-engineering.com\/ca\/portfolio-item\/sol-lucions-e-commerce\/\" target=\"_self\"><\/a>\n\t<div class = \"qodef-item-image-holder\">\n\t<div class=\"qodef-portfolio-shader\"><\/div>\t\n\t<img width=\"800\" height=\"600\" src=\"https:\/\/virtualcube-engineering.com\/wp-content\/uploads\/2015\/10\/Captura-de-pantalla-2022-03-30-a-las-10.11.08-800x600.jpg\" class=\"attachment-qode_startit_landscape size-qode_startit_landscape wp-post-image\" alt=\"\" loading=\"lazy\" \/>\t\t\t\t\n\t<\/div>\n\t<div class=\"qodef-item-text-overlay\">\n\t\t<div class=\"qodef-item-text-overlay-inner\">\n\t\t\t<div class=\"qodef-item-text-holder\">\n\t\t\t\t<h5 class=\"qodef-item-title\">\n\t\t\t\t\tSol.lucions E-Commerce\t\t\t\t<\/h5>\t\n\t\t\t\t<div class=\"qodef-ptf-category-holder\"><span>Automatitzaci\u00f3 de processos<\/span> <span>\/<\/span> <span>Disseny i programaci\u00f3 de programari corporatiu<\/span> <span>\/<\/span> <span>Enginyeria de Programari<\/span><\/div>\t\t\t<\/div>\n\t\t<\/div>\t\n\t<\/div>\n<\/article>\n\n\n<article class=\"qodef-portfolio-item mix portfolio_category_171 portfolio_category_175\" >\n\t<a class =\"qodef-portfolio-link\" href=\"https:\/\/virtualcube-engineering.com\/ca\/portfolio-item\/entreteniment-jocs-multimedia\/\" target=\"_self\"><\/a>\n\t<div class = \"qodef-item-image-holder\">\n\t<div class=\"qodef-portfolio-shader\"><\/div>\t\n\t<img width=\"800\" height=\"600\" src=\"https:\/\/virtualcube-engineering.com\/wp-content\/uploads\/2015\/10\/Captura-de-pantalla-2022-03-29-a-las-18.31.27-800x600.png\" class=\"attachment-qode_startit_landscape size-qode_startit_landscape wp-post-image\" alt=\"\" loading=\"lazy\" \/>\t\t\t\t\n\t<\/div>\n\t<div class=\"qodef-item-text-overlay\">\n\t\t<div class=\"qodef-item-text-overlay-inner\">\n\t\t\t<div class=\"qodef-item-text-holder\">\n\t\t\t\t<h5 class=\"qodef-item-title\">\n\t\t\t\t\tEntreteniment &#8211; Jocs &#8211; Multimedia\t\t\t\t<\/h5>\t\n\t\t\t\t<div class=\"qodef-ptf-category-holder\"><span>Enginyeria de Programari<\/span> <span>\/<\/span> <span>Programaci\u00f3 apps per a cloud<\/span><\/div>\t\t\t<\/div>\n\t\t<\/div>\t\n\t<\/div>\n<\/article>\n\n\n<article class=\"qodef-portfolio-item mix portfolio_category_171 portfolio_category_175 portfolio_category_293 portfolio_category_177\" >\n\t<a class =\"qodef-portfolio-link\" href=\"https:\/\/virtualcube-engineering.com\/ca\/portfolio-item\/aplicacions-webapp\/\" target=\"_self\"><\/a>\n\t<div class = \"qodef-item-image-holder\">\n\t<div class=\"qodef-portfolio-shader\"><\/div>\t\n\t<img width=\"800\" height=\"600\" src=\"https:\/\/virtualcube-engineering.com\/wp-content\/uploads\/2015\/10\/web-actionplanner-main-800x600.png\" class=\"attachment-qode_startit_landscape size-qode_startit_landscape wp-post-image\" alt=\"\" loading=\"lazy\" \/>\t\t\t\t\n\t<\/div>\n\t<div class=\"qodef-item-text-overlay\">\n\t\t<div class=\"qodef-item-text-overlay-inner\">\n\t\t\t<div class=\"qodef-item-text-holder\">\n\t\t\t\t<h5 class=\"qodef-item-title\">\n\t\t\t\t\tAplicacions &#8211; Webapp\t\t\t\t<\/h5>\t\n\t\t\t\t<div class=\"qodef-ptf-category-holder\"><span>Enginyeria de Programari<\/span> <span>\/<\/span> <span>Programaci\u00f3 apps per a cloud<\/span> <span>\/<\/span> <span>Serveis IT<\/span> <span>\/<\/span> <span>Webapps i serveis corporatius<\/span><\/div>\t\t\t<\/div>\n\t\t<\/div>\t\n\t<\/div>\n<\/article>\n\n\n<article class=\"qodef-portfolio-item mix portfolio_category_173 portfolio_category_171 portfolio_category_177\" >\n\t<a class =\"qodef-portfolio-link\" href=\"https:\/\/virtualcube-engineering.com\/ca\/portfolio-item\/webapp-intranet-extranet\/\" target=\"_self\"><\/a>\n\t<div class = \"qodef-item-image-holder\">\n\t<div class=\"qodef-portfolio-shader\"><\/div>\t\n\t<img width=\"800\" height=\"600\" src=\"https:\/\/virtualcube-engineering.com\/wp-content\/uploads\/2015\/10\/extranet-1-800x600.png\" class=\"attachment-qode_startit_landscape size-qode_startit_landscape wp-post-image\" alt=\"\" loading=\"lazy\" \/>\t\t\t\t\n\t<\/div>\n\t<div class=\"qodef-item-text-overlay\">\n\t\t<div class=\"qodef-item-text-overlay-inner\">\n\t\t\t<div class=\"qodef-item-text-holder\">\n\t\t\t\t<h5 class=\"qodef-item-title\">\n\t\t\t\t\tWebapp intranet\/extranet\t\t\t\t<\/h5>\t\n\t\t\t\t<div class=\"qodef-ptf-category-holder\"><span>Disseny i programaci\u00f3 de programari corporatiu<\/span> <span>\/<\/span> <span>Enginyeria de Programari<\/span> <span>\/<\/span> <span>Webapps i serveis corporatius<\/span><\/div>\t\t\t<\/div>\n\t\t<\/div>\t\n\t<\/div>\n<\/article>\n\n\n<article class=\"qodef-portfolio-item mix portfolio_category_169 portfolio_category_171 portfolio_category_270 portfolio_category_177\" >\n\t<a class =\"qodef-portfolio-link\" href=\"https:\/\/virtualcube-engineering.com\/ca\/portfolio-item\/crm-erp-vcube\/\" target=\"_self\"><\/a>\n\t<div class = \"qodef-item-image-holder\">\n\t<div class=\"qodef-portfolio-shader\"><\/div>\t\n\t<img width=\"800\" height=\"600\" src=\"https:\/\/virtualcube-engineering.com\/wp-content\/uploads\/2015\/10\/project-net-ener-800x600.jpg\" class=\"attachment-qode_startit_landscape size-qode_startit_landscape wp-post-image\" alt=\"\" loading=\"lazy\" \/>\t\t\t\t\n\t<\/div>\n\t<div class=\"qodef-item-text-overlay\">\n\t\t<div class=\"qodef-item-text-overlay-inner\">\n\t\t\t<div class=\"qodef-item-text-holder\">\n\t\t\t\t<h5 class=\"qodef-item-title\">\n\t\t\t\t\tCRM\/ERP \u00a9VCube\t\t\t\t<\/h5>\t\n\t\t\t\t<div class=\"qodef-ptf-category-holder\"><span>Automatitzaci\u00f3 de processos<\/span> <span>\/<\/span> <span>Enginyeria de Programari<\/span> <span>\/<\/span> <span>Programaci\u00f3 de processos autom\u00e0tics<\/span> <span>\/<\/span> <span>Webapps i serveis corporatius<\/span><\/div>\t\t\t<\/div>\n\t\t<\/div>\t\n\t<\/div>\n<\/article>\n\n\n<article class=\"qodef-portfolio-item mix portfolio_category_169 portfolio_category_167 portfolio_category_163 portfolio_category_165 portfolio_category_288 portfolio_category_295 portfolio_category_293\" >\n\t<a class =\"qodef-portfolio-link\" href=\"https:\/\/virtualcube-engineering.com\/ca\/portfolio-item\/gestio-i-administracio-it\/\" target=\"_self\"><\/a>\n\t<div class = \"qodef-item-image-holder\">\n\t<div class=\"qodef-portfolio-shader\"><\/div>\t\n\t<img width=\"800\" height=\"600\" src=\"https:\/\/virtualcube-engineering.com\/wp-content\/uploads\/2015\/11\/home-main-slide-1-800x600.jpg\" class=\"attachment-qode_startit_landscape size-qode_startit_landscape wp-post-image\" alt=\"\" loading=\"lazy\" \/>\t\t\t\t\n\t<\/div>\n\t<div class=\"qodef-item-text-overlay\">\n\t\t<div class=\"qodef-item-text-overlay-inner\">\n\t\t\t<div class=\"qodef-item-text-holder\">\n\t\t\t\t<h5 class=\"qodef-item-title\">\n\t\t\t\t\tGesti\u00f3 i administraci\u00f3 IT\t\t\t\t<\/h5>\t\n\t\t\t\t<div class=\"qodef-ptf-category-holder\"><span>Automatitzaci\u00f3 de processos<\/span> <span>\/<\/span> <span>Centres de dades (CDN)<\/span> <span>\/<\/span> <span>Gesti\u00f3 d'IT<\/span> <span>\/<\/span> <span>Infraestructura de xarxes<\/span> <span>\/<\/span> <span>Interconnexi\u00f3 segura de seus<\/span> <span>\/<\/span> <span>Recursos IT<\/span> <span>\/<\/span> <span>Serveis IT<\/span><\/div>\t\t\t<\/div>\n\t\t<\/div>\t\n\t<\/div>\n<\/article>\n\n<div class='qodef-filler'><\/div>\n<div class='qodef-filler'><\/div>\n<div class='qodef-filler'><\/div>\n<div class='qodef-filler'><\/div>\n<\/div><\/div>\t\t<\/div>\n\t\t\t\t<\/div>\n\t\t\t\t\t<\/div>\n\t\t<\/div>\n\t\t\t\t\t\t\t<\/div>\n\t\t<\/section>\n\t\t\t\t\t\t\t<\/div>\n\t\t","protected":false},"excerpt":{"rendered":"<p>All Administraci\u00f3n Sistemas Automatizaci\u00f3n CI\/CD de procesos Automatizaci\u00f3n de procesos Cabinas de disco iSCSI y NAS Centralizaci\u00f3n y control de procesos&#8230;<\/p>\n","protected":false},"author":1,"featured_media":0,"parent":0,"menu_order":0,"comment_status":"closed","ping_status":"closed","template":"full-width.php","meta":[],"yoast_head":"<!-- This site is optimized with the Yoast SEO plugin v18.8 - https:\/\/yoast.com\/wordpress\/plugins\/seo\/ -->\n<title>Portfoli - Ingenieros de Software y Sistemas - Virtual Cube Engineering<\/title>\n<meta name=\"description\" content=\"Portfoli\" \/>\n<meta name=\"robots\" content=\"index, follow, max-snippet:-1, max-image-preview:large, max-video-preview:-1\" \/>\n<link rel=\"canonical\" href=\"https:\/\/virtualcube-engineering.com\/ca\/portfoli\/\" \/>\n<meta property=\"og:locale\" content=\"ca_ES\" \/>\n<meta property=\"og:type\" content=\"article\" \/>\n<meta property=\"og:title\" content=\"Portfoli - Ingenieros de Software y Sistemas - Virtual Cube Engineering\" \/>\n<meta property=\"og:description\" content=\"Portfoli\" \/>\n<meta property=\"og:url\" content=\"https:\/\/virtualcube-engineering.com\/ca\/portfoli\/\" \/>\n<meta property=\"og:site_name\" content=\"Ingenieros de Software y Sistemas - Virtual Cube Engineering\" \/>\n<meta property=\"article:modified_time\" content=\"2022-05-04T12:10:38+00:00\" \/>\n<meta property=\"og:image\" content=\"https:\/\/virtualcube-engineering.com\/wp-content\/uploads\/2015\/10\/Captura-de-pantalla-2022-03-29-a-las-18.46.54-800x600.png\" \/>\n<meta name=\"twitter:card\" content=\"summary_large_image\" \/>\n<meta name=\"twitter:label1\" content=\"Temps estimat de lectura\" \/>\n\t<meta name=\"twitter:data1\" content=\"5 minuts\" \/>\n<script type=\"application\/ld+json\" class=\"yoast-schema-graph\">{\"@context\":\"https:\/\/schema.org\",\"@graph\":[{\"@type\":\"Organization\",\"@id\":\"https:\/\/virtualcube-engineering.com\/#organization\",\"name\":\"VIRTUAL CUBE ENGINEERING - EL BIT ALEGRE SL\",\"url\":\"https:\/\/virtualcube-engineering.com\/\",\"sameAs\":[],\"logo\":{\"@type\":\"ImageObject\",\"inLanguage\":\"ca\",\"@id\":\"https:\/\/virtualcube-engineering.com\/#\/schema\/logo\/image\/\",\"url\":\"https:\/\/virtualcube-engineering.com\/wp-content\/uploads\/2022\/04\/logo-virtual-cube-header.png\",\"contentUrl\":\"https:\/\/virtualcube-engineering.com\/wp-content\/uploads\/2022\/04\/logo-virtual-cube-header.png\",\"width\":842,\"height\":158,\"caption\":\"VIRTUAL CUBE ENGINEERING - EL BIT ALEGRE SL\"},\"image\":{\"@id\":\"https:\/\/virtualcube-engineering.com\/#\/schema\/logo\/image\/\"}},{\"@type\":\"WebSite\",\"@id\":\"https:\/\/virtualcube-engineering.com\/#website\",\"url\":\"https:\/\/virtualcube-engineering.com\/\",\"name\":\"Ingenieros de Software y Sistemas - Virtual Cube Engineering\",\"description\":\"Gesti\u00f3n IT, administraci\u00f3n de sistemas, programaci\u00f3n a medida, procesos, software ERP y CRM para empresas\",\"publisher\":{\"@id\":\"https:\/\/virtualcube-engineering.com\/#organization\"},\"potentialAction\":[{\"@type\":\"SearchAction\",\"target\":{\"@type\":\"EntryPoint\",\"urlTemplate\":\"https:\/\/virtualcube-engineering.com\/?s={search_term_string}\"},\"query-input\":\"required name=search_term_string\"}],\"inLanguage\":\"ca\"},{\"@type\":\"ImageObject\",\"inLanguage\":\"ca\",\"@id\":\"https:\/\/virtualcube-engineering.com\/ca\/portfoli\/#primaryimage\",\"url\":\"https:\/\/virtualcube-engineering.com\/wp-content\/uploads\/2015\/10\/Captura-de-pantalla-2022-03-29-a-las-18.46.54.png\",\"contentUrl\":\"https:\/\/virtualcube-engineering.com\/wp-content\/uploads\/2015\/10\/Captura-de-pantalla-2022-03-29-a-las-18.46.54.png\",\"width\":1580,\"height\":827},{\"@type\":\"WebPage\",\"@id\":\"https:\/\/virtualcube-engineering.com\/ca\/portfoli\/#webpage\",\"url\":\"https:\/\/virtualcube-engineering.com\/ca\/portfoli\/\",\"name\":\"Portfoli - Ingenieros de Software y Sistemas - Virtual Cube Engineering\",\"isPartOf\":{\"@id\":\"https:\/\/virtualcube-engineering.com\/#website\"},\"primaryImageOfPage\":{\"@id\":\"https:\/\/virtualcube-engineering.com\/ca\/portfoli\/#primaryimage\"},\"datePublished\":\"2021-11-26T12:48:58+00:00\",\"dateModified\":\"2022-05-04T12:10:38+00:00\",\"description\":\"Portfoli\",\"breadcrumb\":{\"@id\":\"https:\/\/virtualcube-engineering.com\/ca\/portfoli\/#breadcrumb\"},\"inLanguage\":\"ca\",\"potentialAction\":[{\"@type\":\"ReadAction\",\"target\":[\"https:\/\/virtualcube-engineering.com\/ca\/portfoli\/\"]}]},{\"@type\":\"BreadcrumbList\",\"@id\":\"https:\/\/virtualcube-engineering.com\/ca\/portfoli\/#breadcrumb\",\"itemListElement\":[{\"@type\":\"ListItem\",\"position\":1,\"name\":\"Portada\",\"item\":\"https:\/\/virtualcube-engineering.com\/ca\/\"},{\"@type\":\"ListItem\",\"position\":2,\"name\":\"Portfoli\"}]}]}<\/script>\n<!-- \/ Yoast SEO plugin. -->","yoast_head_json":{"title":"Portfoli - Ingenieros de Software y Sistemas - Virtual Cube Engineering","description":"Portfoli","robots":{"index":"index","follow":"follow","max-snippet":"max-snippet:-1","max-image-preview":"max-image-preview:large","max-video-preview":"max-video-preview:-1"},"canonical":"https:\/\/virtualcube-engineering.com\/ca\/portfoli\/","og_locale":"ca_ES","og_type":"article","og_title":"Portfoli - Ingenieros de Software y Sistemas - Virtual Cube Engineering","og_description":"Portfoli","og_url":"https:\/\/virtualcube-engineering.com\/ca\/portfoli\/","og_site_name":"Ingenieros de Software y Sistemas - Virtual Cube Engineering","article_modified_time":"2022-05-04T12:10:38+00:00","og_image":[{"url":"https:\/\/virtualcube-engineering.com\/wp-content\/uploads\/2015\/10\/Captura-de-pantalla-2022-03-29-a-las-18.46.54-800x600.png"}],"twitter_card":"summary_large_image","twitter_misc":{"Temps estimat de lectura":"5 minuts"},"schema":{"@context":"https:\/\/schema.org","@graph":[{"@type":"Organization","@id":"https:\/\/virtualcube-engineering.com\/#organization","name":"VIRTUAL CUBE ENGINEERING - EL BIT ALEGRE SL","url":"https:\/\/virtualcube-engineering.com\/","sameAs":[],"logo":{"@type":"ImageObject","inLanguage":"ca","@id":"https:\/\/virtualcube-engineering.com\/#\/schema\/logo\/image\/","url":"https:\/\/virtualcube-engineering.com\/wp-content\/uploads\/2022\/04\/logo-virtual-cube-header.png","contentUrl":"https:\/\/virtualcube-engineering.com\/wp-content\/uploads\/2022\/04\/logo-virtual-cube-header.png","width":842,"height":158,"caption":"VIRTUAL CUBE ENGINEERING - EL BIT ALEGRE SL"},"image":{"@id":"https:\/\/virtualcube-engineering.com\/#\/schema\/logo\/image\/"}},{"@type":"WebSite","@id":"https:\/\/virtualcube-engineering.com\/#website","url":"https:\/\/virtualcube-engineering.com\/","name":"Ingenieros de Software y Sistemas - Virtual Cube Engineering","description":"Gesti\u00f3n IT, administraci\u00f3n de sistemas, programaci\u00f3n a medida, procesos, software ERP y CRM para empresas","publisher":{"@id":"https:\/\/virtualcube-engineering.com\/#organization"},"potentialAction":[{"@type":"SearchAction","target":{"@type":"EntryPoint","urlTemplate":"https:\/\/virtualcube-engineering.com\/?s={search_term_string}"},"query-input":"required name=search_term_string"}],"inLanguage":"ca"},{"@type":"ImageObject","inLanguage":"ca","@id":"https:\/\/virtualcube-engineering.com\/ca\/portfoli\/#primaryimage","url":"https:\/\/virtualcube-engineering.com\/wp-content\/uploads\/2015\/10\/Captura-de-pantalla-2022-03-29-a-las-18.46.54.png","contentUrl":"https:\/\/virtualcube-engineering.com\/wp-content\/uploads\/2015\/10\/Captura-de-pantalla-2022-03-29-a-las-18.46.54.png","width":1580,"height":827},{"@type":"WebPage","@id":"https:\/\/virtualcube-engineering.com\/ca\/portfoli\/#webpage","url":"https:\/\/virtualcube-engineering.com\/ca\/portfoli\/","name":"Portfoli - Ingenieros de Software y Sistemas - Virtual Cube Engineering","isPartOf":{"@id":"https:\/\/virtualcube-engineering.com\/#website"},"primaryImageOfPage":{"@id":"https:\/\/virtualcube-engineering.com\/ca\/portfoli\/#primaryimage"},"datePublished":"2021-11-26T12:48:58+00:00","dateModified":"2022-05-04T12:10:38+00:00","description":"Portfoli","breadcrumb":{"@id":"https:\/\/virtualcube-engineering.com\/ca\/portfoli\/#breadcrumb"},"inLanguage":"ca","potentialAction":[{"@type":"ReadAction","target":["https:\/\/virtualcube-engineering.com\/ca\/portfoli\/"]}]},{"@type":"BreadcrumbList","@id":"https:\/\/virtualcube-engineering.com\/ca\/portfoli\/#breadcrumb","itemListElement":[{"@type":"ListItem","position":1,"name":"Portada","item":"https:\/\/virtualcube-engineering.com\/ca\/"},{"@type":"ListItem","position":2,"name":"Portfoli"}]}]}},"_links":{"self":[{"href":"https:\/\/virtualcube-engineering.com\/ca\/wp-json\/wp\/v2\/pages\/9833"}],"collection":[{"href":"https:\/\/virtualcube-engineering.com\/ca\/wp-json\/wp\/v2\/pages"}],"about":[{"href":"https:\/\/virtualcube-engineering.com\/ca\/wp-json\/wp\/v2\/types\/page"}],"author":[{"embeddable":true,"href":"https:\/\/virtualcube-engineering.com\/ca\/wp-json\/wp\/v2\/users\/1"}],"replies":[{"embeddable":true,"href":"https:\/\/virtualcube-engineering.com\/ca\/wp-json\/wp\/v2\/comments?post=9833"}],"version-history":[{"count":13,"href":"https:\/\/virtualcube-engineering.com\/ca\/wp-json\/wp\/v2\/pages\/9833\/revisions"}],"predecessor-version":[{"id":10551,"href":"https:\/\/virtualcube-engineering.com\/ca\/wp-json\/wp\/v2\/pages\/9833\/revisions\/10551"}],"wp:attachment":[{"href":"https:\/\/virtualcube-engineering.com\/ca\/wp-json\/wp\/v2\/media?parent=9833"}],"curies":[{"name":"wp","href":"https:\/\/api.w.org\/{rel}","templated":true}]}}