{"id":9764,"date":"2021-11-26T12:48:58","date_gmt":"2021-11-26T12:48:58","guid":{"rendered":"https:\/\/virtualcube-engineering.com\/portfolio\/"},"modified":"2022-05-03T12:45:42","modified_gmt":"2022-05-03T12:45:42","slug":"portfolio","status":"publish","type":"page","link":"https:\/\/virtualcube-engineering.com\/en\/portfolio\/","title":{"rendered":"Portfolio"},"content":{"rendered":"\t\t<div data-elementor-type=\"wp-page\" data-elementor-id=\"9764\" class=\"elementor elementor-9764 elementor-7929\">\n\t\t\t\t\t\t\t\t\t<section class=\"elementor-section elementor-top-section elementor-element elementor-element-6f5b311c qodef_elementor_container_inner elementor-section-boxed elementor-section-height-default elementor-section-height-default parallax_section_no\" data-id=\"6f5b311c\" data-element_type=\"section\">\n\t\t\t\t\t\t<div class=\"elementor-container elementor-column-gap-default\">\n\t\t\t\t\t<div class=\"elementor-column elementor-col-100 elementor-top-column elementor-element elementor-element-70057ccf\" data-id=\"70057ccf\" data-element_type=\"column\">\n\t\t\t<div class=\"elementor-widget-wrap elementor-element-populated\">\n\t\t\t\t\t\t\t\t<div class=\"elementor-element elementor-element-196f09d elementor-widget elementor-widget-qodef_portfolio_list\" data-id=\"196f09d\" data-element_type=\"widget\" data-widget_type=\"qodef_portfolio_list.default\">\n\t\t\t\t<div class=\"elementor-widget-container\">\n\t\t\t<div class = \"qodef-portfolio-list-holder-outer qodef-ptf-gallery qodef-ptf-gallery-space qodef-ptf-four-columns qodef-ptf-load-more qodef-ptf-has-filter\" data-next-page= 2 data-type= gallery-space data-columns= four data-order-by= date data-order= ASC data-number= 16 data-filter= yes data-filter-order-by= name data-show-load-more= yes data-title-tag= h5 data-max-num-pages = 1><div class = \"qodef-portfolio-filter-holder\">\n\t<div class = \"qodef-portfolio-filter-holder-inner\">\n\t\t\t\t<ul>\n\t\t\t\n\t\t\t<li data-class=\"filter_1826819856\" class=\"filter_1826819856\" data-filter=\"all\"><span>All<\/span><\/li>\n\t\t\t\n\t\t\t\t\t\t\t<li data-class=\"filter_1826819856\" class=\"filter_1826819856\" data-filter = \".portfolio_category_289\">\n\t\t\t\t\t<span>\n\t\t\t\t\t\tBackup networks\t\t\t\t\t<\/span>\n\t\t\t\t<\/li>\n\t\t\t\t\t\t\t<li data-class=\"filter_1826819856\" class=\"filter_1826819856\" data-filter = \".portfolio_category_266\">\n\t\t\t\t\t<span>\n\t\t\t\t\t\tCentralization and process control\t\t\t\t\t<\/span>\n\t\t\t\t<\/li>\n\t\t\t\t\t\t\t<li data-class=\"filter_1826819856\" class=\"filter_1826819856\" data-filter = \".portfolio_category_304\">\n\t\t\t\t\t<span>\n\t\t\t\t\t\tCI\/CD automation of processes\t\t\t\t\t<\/span>\n\t\t\t\t<\/li>\n\t\t\t\t\t\t\t<li data-class=\"filter_1826819856\" class=\"filter_1826819856\" data-filter = \".portfolio_category_166\">\n\t\t\t\t\t<span>\n\t\t\t\t\t\tData centers (CDN)\t\t\t\t\t<\/span>\n\t\t\t\t<\/li>\n\t\t\t\t\t\t\t<li data-class=\"filter_1826819856\" class=\"filter_1826819856\" data-filter = \".portfolio_category_273\">\n\t\t\t\t\t<span>\n\t\t\t\t\t\tDeployment of machines and services\t\t\t\t\t<\/span>\n\t\t\t\t<\/li>\n\t\t\t\t\t\t\t<li data-class=\"filter_1826819856\" class=\"filter_1826819856\" data-filter = \".portfolio_category_172\">\n\t\t\t\t\t<span>\n\t\t\t\t\t\tDesign and programming of corporate software\t\t\t\t\t<\/span>\n\t\t\t\t<\/li>\n\t\t\t\t\t\t\t<li data-class=\"filter_1826819856\" class=\"filter_1826819856\" data-filter = \".portfolio_category_267\">\n\t\t\t\t\t<span>\n\t\t\t\t\t\tDetection, categorization and process design\t\t\t\t\t<\/span>\n\t\t\t\t<\/li>\n\t\t\t\t\t\t\t<li data-class=\"filter_1826819856\" class=\"filter_1826819856\" data-filter = \".portfolio_category_272\">\n\t\t\t\t\t<span>\n\t\t\t\t\t\tiSCSI and NAS disk arrays\t\t\t\t\t<\/span>\n\t\t\t\t<\/li>\n\t\t\t\t\t\t\t<li data-class=\"filter_1826819856\" class=\"filter_1826819856\" data-filter = \".portfolio_category_162\">\n\t\t\t\t\t<span>\n\t\t\t\t\t\tIT Management\t\t\t\t\t<\/span>\n\t\t\t\t<\/li>\n\t\t\t\t\t\t\t<li data-class=\"filter_1826819856\" class=\"filter_1826819856\" data-filter = \".portfolio_category_296\">\n\t\t\t\t\t<span>\n\t\t\t\t\t\tIT Resources\t\t\t\t\t<\/span>\n\t\t\t\t<\/li>\n\t\t\t\t\t\t\t<li data-class=\"filter_1826819856\" class=\"filter_1826819856\" data-filter = \".portfolio_category_294\">\n\t\t\t\t\t<span>\n\t\t\t\t\t\tIT Services\t\t\t\t\t<\/span>\n\t\t\t\t<\/li>\n\t\t\t\t\t\t\t<li data-class=\"filter_1826819856\" class=\"filter_1826819856\" data-filter = \".portfolio_category_164\">\n\t\t\t\t\t<span>\n\t\t\t\t\t\tNetwork infrastructure\t\t\t\t\t<\/span>\n\t\t\t\t<\/li>\n\t\t\t\t\t\t\t<li data-class=\"filter_1826819856\" class=\"filter_1826819856\" data-filter = \".portfolio_category_168\">\n\t\t\t\t\t<span>\n\t\t\t\t\t\tProcess automation\t\t\t\t\t<\/span>\n\t\t\t\t<\/li>\n\t\t\t\t\t\t\t<li data-class=\"filter_1826819856\" class=\"filter_1826819856\" data-filter = \".portfolio_category_174\">\n\t\t\t\t\t<span>\n\t\t\t\t\t\tProgramming apps for cloud\t\t\t\t\t<\/span>\n\t\t\t\t<\/li>\n\t\t\t\t\t\t\t<li data-class=\"filter_1826819856\" class=\"filter_1826819856\" data-filter = \".portfolio_category_269\">\n\t\t\t\t\t<span>\n\t\t\t\t\t\tProgramming of automatic processes\t\t\t\t\t<\/span>\n\t\t\t\t<\/li>\n\t\t\t\t\t\t\t<li data-class=\"filter_1826819856\" class=\"filter_1826819856\" data-filter = \".portfolio_category_287\">\n\t\t\t\t\t<span>\n\t\t\t\t\t\tSecure site interconnection\t\t\t\t\t<\/span>\n\t\t\t\t<\/li>\n\t\t\t\t\t\t\t<li data-class=\"filter_1826819856\" class=\"filter_1826819856\" data-filter = \".portfolio_category_170\">\n\t\t\t\t\t<span>\n\t\t\t\t\t\tSoftware Engineering\t\t\t\t\t<\/span>\n\t\t\t\t<\/li>\n\t\t\t\t\t\t\t<li data-class=\"filter_1826819856\" class=\"filter_1826819856\" data-filter = \".portfolio_category_300\">\n\t\t\t\t\t<span>\n\t\t\t\t\t\tSystems Administration\t\t\t\t\t<\/span>\n\t\t\t\t<\/li>\n\t\t\t\t\t\t\t<li data-class=\"filter_1826819856\" class=\"filter_1826819856\" data-filter = \".portfolio_category_283\">\n\t\t\t\t\t<span>\n\t\t\t\t\t\tVirtual network infrastructure\t\t\t\t\t<\/span>\n\t\t\t\t<\/li>\n\t\t\t\t\t\t\t<li data-class=\"filter_1826819856\" class=\"filter_1826819856\" data-filter = \".portfolio_category_285\">\n\t\t\t\t\t<span>\n\t\t\t\t\t\tVirtualization of servers and services\t\t\t\t\t<\/span>\n\t\t\t\t<\/li>\n\t\t\t\t\t\t\t<li data-class=\"filter_1826819856\" class=\"filter_1826819856\" data-filter = \".portfolio_category_281\">\n\t\t\t\t\t<span>\n\t\t\t\t\t\tVMWare Deployment and Administration\t\t\t\t\t<\/span>\n\t\t\t\t<\/li>\n\t\t\t\t\t\t\t<li data-class=\"filter_1826819856\" class=\"filter_1826819856\" data-filter = \".portfolio_category_280\">\n\t\t\t\t\t<span>\n\t\t\t\t\t\tVoice and video integration\t\t\t\t\t<\/span>\n\t\t\t\t<\/li>\n\t\t\t\t\t\t\t<li data-class=\"filter_1826819856\" class=\"filter_1826819856\" data-filter = \".portfolio_category_176\">\n\t\t\t\t\t<span>\n\t\t\t\t\t\tWebapps and corporate services\t\t\t\t\t<\/span>\n\t\t\t\t<\/li>\n\t\t\t\t\t<\/ul> \n\t\t\t<\/div>\t\t\n<\/div><div class = \"qodef-portfolio-list-holder clearfix\" >\n<article class=\"qodef-portfolio-item mix portfolio_category_172 portfolio_category_174 portfolio_category_170 portfolio_category_176\" >\n\t<a class =\"qodef-portfolio-link\" href=\"https:\/\/virtualcube-engineering.com\/en\/portfolio-item\/erp-crm-real-estate-propertytech\/\" target=\"_self\"><\/a>\n\t<div class = \"qodef-item-image-holder\">\n\t<div class=\"qodef-portfolio-shader\"><\/div>\t\n\t<img width=\"800\" height=\"600\" src=\"https:\/\/virtualcube-engineering.com\/wp-content\/uploads\/2015\/10\/Captura-de-pantalla-2022-03-29-a-las-18.46.54-800x600.png\" class=\"attachment-qode_startit_landscape size-qode_startit_landscape wp-post-image\" alt=\"\" loading=\"lazy\" \/>\t\t\t\t\n\t<\/div>\n\t<div class=\"qodef-item-text-overlay\">\n\t\t<div class=\"qodef-item-text-overlay-inner\">\n\t\t\t<div class=\"qodef-item-text-holder\">\n\t\t\t\t<h5 class=\"qodef-item-title\">\n\t\t\t\t\tERP \/ CRM Real Estate #PropertyTech\t\t\t\t<\/h5>\t\n\t\t\t\t<div class=\"qodef-ptf-category-holder\"><span>Design and programming of corporate software<\/span> <span>\/<\/span> <span>Programming apps for cloud<\/span> <span>\/<\/span> <span>Software Engineering<\/span> <span>\/<\/span> <span>Webapps and corporate services<\/span><\/div>\t\t\t<\/div>\n\t\t<\/div>\t\n\t<\/div>\n<\/article>\n\n\n<article class=\"qodef-portfolio-item mix portfolio_category_166 portfolio_category_294 portfolio_category_164 portfolio_category_300 portfolio_category_283\" >\n\t<a class =\"qodef-portfolio-link\" href=\"https:\/\/virtualcube-engineering.com\/en\/portfolio-item\/datacenters-virtualizations-and-deployments\/\" target=\"_self\"><\/a>\n\t<div class = \"qodef-item-image-holder\">\n\t<div class=\"qodef-portfolio-shader\"><\/div>\t\n\t<img width=\"800\" height=\"600\" src=\"https:\/\/virtualcube-engineering.com\/wp-content\/uploads\/2015\/10\/toni_administrando-800x600.jpg\" class=\"attachment-qode_startit_landscape size-qode_startit_landscape wp-post-image\" alt=\"\" loading=\"lazy\" \/>\t\t\t\t\n\t<\/div>\n\t<div class=\"qodef-item-text-overlay\">\n\t\t<div class=\"qodef-item-text-overlay-inner\">\n\t\t\t<div class=\"qodef-item-text-holder\">\n\t\t\t\t<h5 class=\"qodef-item-title\">\n\t\t\t\t\tDatacenters, virtualizations and deployments\t\t\t\t<\/h5>\t\n\t\t\t\t<div class=\"qodef-ptf-category-holder\"><span>Data centers (CDN)<\/span> <span>\/<\/span> <span>IT Services<\/span> <span>\/<\/span> <span>Network infrastructure<\/span> <span>\/<\/span> <span>Systems Administration<\/span> <span>\/<\/span> <span>Virtual network infrastructure<\/span><\/div>\t\t\t<\/div>\n\t\t<\/div>\t\n\t<\/div>\n<\/article>\n\n\n<article class=\"qodef-portfolio-item mix portfolio_category_172 portfolio_category_168 portfolio_category_170\" >\n\t<a class =\"qodef-portfolio-link\" href=\"https:\/\/virtualcube-engineering.com\/en\/portfolio-item\/e-commerce-solutions\/\" target=\"_self\"><\/a>\n\t<div class = \"qodef-item-image-holder\">\n\t<div class=\"qodef-portfolio-shader\"><\/div>\t\n\t<img width=\"800\" height=\"600\" src=\"https:\/\/virtualcube-engineering.com\/wp-content\/uploads\/2015\/10\/Captura-de-pantalla-2022-03-30-a-las-10.11.08-800x600.jpg\" class=\"attachment-qode_startit_landscape size-qode_startit_landscape wp-post-image\" alt=\"\" loading=\"lazy\" \/>\t\t\t\t\n\t<\/div>\n\t<div class=\"qodef-item-text-overlay\">\n\t\t<div class=\"qodef-item-text-overlay-inner\">\n\t\t\t<div class=\"qodef-item-text-holder\">\n\t\t\t\t<h5 class=\"qodef-item-title\">\n\t\t\t\t\tE-commerce solutions\t\t\t\t<\/h5>\t\n\t\t\t\t<div class=\"qodef-ptf-category-holder\"><span>Design and programming of corporate software<\/span> <span>\/<\/span> <span>Process automation<\/span> <span>\/<\/span> <span>Software Engineering<\/span><\/div>\t\t\t<\/div>\n\t\t<\/div>\t\n\t<\/div>\n<\/article>\n\n\n<article class=\"qodef-portfolio-item mix portfolio_category_174 portfolio_category_170\" >\n\t<a class =\"qodef-portfolio-link\" href=\"https:\/\/virtualcube-engineering.com\/en\/portfolio-item\/entertainment-games-multimedia\/\" target=\"_self\"><\/a>\n\t<div class = \"qodef-item-image-holder\">\n\t<div class=\"qodef-portfolio-shader\"><\/div>\t\n\t<img width=\"800\" height=\"600\" src=\"https:\/\/virtualcube-engineering.com\/wp-content\/uploads\/2015\/10\/Captura-de-pantalla-2022-03-29-a-las-18.31.27-800x600.png\" class=\"attachment-qode_startit_landscape size-qode_startit_landscape wp-post-image\" alt=\"\" loading=\"lazy\" \/>\t\t\t\t\n\t<\/div>\n\t<div class=\"qodef-item-text-overlay\">\n\t\t<div class=\"qodef-item-text-overlay-inner\">\n\t\t\t<div class=\"qodef-item-text-holder\">\n\t\t\t\t<h5 class=\"qodef-item-title\">\n\t\t\t\t\tEntertainment &#8211; Games &#8211; Multimedia\t\t\t\t<\/h5>\t\n\t\t\t\t<div class=\"qodef-ptf-category-holder\"><span>Programming apps for cloud<\/span> <span>\/<\/span> <span>Software Engineering<\/span><\/div>\t\t\t<\/div>\n\t\t<\/div>\t\n\t<\/div>\n<\/article>\n\n\n<article class=\"qodef-portfolio-item mix portfolio_category_294 portfolio_category_174 portfolio_category_170 portfolio_category_176\" >\n\t<a class =\"qodef-portfolio-link\" href=\"https:\/\/virtualcube-engineering.com\/en\/portfolio-item\/applications-webapp\/\" target=\"_self\"><\/a>\n\t<div class = \"qodef-item-image-holder\">\n\t<div class=\"qodef-portfolio-shader\"><\/div>\t\n\t<img width=\"800\" height=\"600\" src=\"https:\/\/virtualcube-engineering.com\/wp-content\/uploads\/2015\/10\/web-actionplanner-main-800x600.png\" class=\"attachment-qode_startit_landscape size-qode_startit_landscape wp-post-image\" alt=\"\" loading=\"lazy\" \/>\t\t\t\t\n\t<\/div>\n\t<div class=\"qodef-item-text-overlay\">\n\t\t<div class=\"qodef-item-text-overlay-inner\">\n\t\t\t<div class=\"qodef-item-text-holder\">\n\t\t\t\t<h5 class=\"qodef-item-title\">\n\t\t\t\t\tApplications &#8211; Webapp\t\t\t\t<\/h5>\t\n\t\t\t\t<div class=\"qodef-ptf-category-holder\"><span>IT Services<\/span> <span>\/<\/span> <span>Programming apps for cloud<\/span> <span>\/<\/span> <span>Software Engineering<\/span> <span>\/<\/span> <span>Webapps and corporate services<\/span><\/div>\t\t\t<\/div>\n\t\t<\/div>\t\n\t<\/div>\n<\/article>\n\n\n<article class=\"qodef-portfolio-item mix portfolio_category_172 portfolio_category_170 portfolio_category_176\" >\n\t<a class =\"qodef-portfolio-link\" href=\"https:\/\/virtualcube-engineering.com\/en\/portfolio-item\/webapp-intranet-extranet\/\" target=\"_self\"><\/a>\n\t<div class = \"qodef-item-image-holder\">\n\t<div class=\"qodef-portfolio-shader\"><\/div>\t\n\t<img width=\"800\" height=\"600\" src=\"https:\/\/virtualcube-engineering.com\/wp-content\/uploads\/2015\/10\/extranet-1-800x600.png\" class=\"attachment-qode_startit_landscape size-qode_startit_landscape wp-post-image\" alt=\"\" loading=\"lazy\" \/>\t\t\t\t\n\t<\/div>\n\t<div class=\"qodef-item-text-overlay\">\n\t\t<div class=\"qodef-item-text-overlay-inner\">\n\t\t\t<div class=\"qodef-item-text-holder\">\n\t\t\t\t<h5 class=\"qodef-item-title\">\n\t\t\t\t\tWebapp intranet\/extranet\t\t\t\t<\/h5>\t\n\t\t\t\t<div class=\"qodef-ptf-category-holder\"><span>Design and programming of corporate software<\/span> <span>\/<\/span> <span>Software Engineering<\/span> <span>\/<\/span> <span>Webapps and corporate services<\/span><\/div>\t\t\t<\/div>\n\t\t<\/div>\t\n\t<\/div>\n<\/article>\n\n\n<article class=\"qodef-portfolio-item mix portfolio_category_168 portfolio_category_269 portfolio_category_170 portfolio_category_176\" >\n\t<a class =\"qodef-portfolio-link\" href=\"https:\/\/virtualcube-engineering.com\/en\/portfolio-item\/crm-erp-vcube\/\" target=\"_self\"><\/a>\n\t<div class = \"qodef-item-image-holder\">\n\t<div class=\"qodef-portfolio-shader\"><\/div>\t\n\t<img width=\"800\" height=\"600\" src=\"https:\/\/virtualcube-engineering.com\/wp-content\/uploads\/2015\/10\/project-net-ener-800x600.jpg\" class=\"attachment-qode_startit_landscape size-qode_startit_landscape wp-post-image\" alt=\"\" loading=\"lazy\" \/>\t\t\t\t\n\t<\/div>\n\t<div class=\"qodef-item-text-overlay\">\n\t\t<div class=\"qodef-item-text-overlay-inner\">\n\t\t\t<div class=\"qodef-item-text-holder\">\n\t\t\t\t<h5 class=\"qodef-item-title\">\n\t\t\t\t\tCRM\/ERP \u00a9VCube\t\t\t\t<\/h5>\t\n\t\t\t\t<div class=\"qodef-ptf-category-holder\"><span>Process automation<\/span> <span>\/<\/span> <span>Programming of automatic processes<\/span> <span>\/<\/span> <span>Software Engineering<\/span> <span>\/<\/span> <span>Webapps and corporate services<\/span><\/div>\t\t\t<\/div>\n\t\t<\/div>\t\n\t<\/div>\n<\/article>\n\n\n<article class=\"qodef-portfolio-item mix portfolio_category_166 portfolio_category_162 portfolio_category_296 portfolio_category_294 portfolio_category_164 portfolio_category_168 portfolio_category_287\" >\n\t<a class =\"qodef-portfolio-link\" href=\"https:\/\/virtualcube-engineering.com\/en\/portfolio-item\/it-management\/\" target=\"_self\"><\/a>\n\t<div class = \"qodef-item-image-holder\">\n\t<div class=\"qodef-portfolio-shader\"><\/div>\t\n\t<img width=\"800\" height=\"600\" src=\"https:\/\/virtualcube-engineering.com\/wp-content\/uploads\/2015\/11\/home-main-slide-1-800x600.jpg\" class=\"attachment-qode_startit_landscape size-qode_startit_landscape wp-post-image\" alt=\"\" loading=\"lazy\" \/>\t\t\t\t\n\t<\/div>\n\t<div class=\"qodef-item-text-overlay\">\n\t\t<div class=\"qodef-item-text-overlay-inner\">\n\t\t\t<div class=\"qodef-item-text-holder\">\n\t\t\t\t<h5 class=\"qodef-item-title\">\n\t\t\t\t\tIT Management\t\t\t\t<\/h5>\t\n\t\t\t\t<div class=\"qodef-ptf-category-holder\"><span>Data centers (CDN)<\/span> <span>\/<\/span> <span>IT Management<\/span> <span>\/<\/span> <span>IT Resources<\/span> <span>\/<\/span> <span>IT Services<\/span> <span>\/<\/span> <span>Network infrastructure<\/span> <span>\/<\/span> <span>Process automation<\/span> <span>\/<\/span> <span>Secure site interconnection<\/span><\/div>\t\t\t<\/div>\n\t\t<\/div>\t\n\t<\/div>\n<\/article>\n\n<div class='qodef-filler'><\/div>\n<div class='qodef-filler'><\/div>\n<div class='qodef-filler'><\/div>\n<div class='qodef-filler'><\/div>\n<\/div><\/div>\t\t<\/div>\n\t\t\t\t<\/div>\n\t\t\t\t\t<\/div>\n\t\t<\/div>\n\t\t\t\t\t\t\t<\/div>\n\t\t<\/section>\n\t\t\t\t\t\t\t<\/div>\n\t\t","protected":false},"excerpt":{"rendered":"<p>All Automatizaci\u00f3n de procesos Automatizaci\u00f3n de procesos Automatizaci\u00f3n de procesos Centros de datos (CDN) Centros de datos (CDN) Centros de datos&#8230;<\/p>\n","protected":false},"author":1,"featured_media":0,"parent":0,"menu_order":0,"comment_status":"closed","ping_status":"closed","template":"full-width.php","meta":[],"yoast_head":"<!-- This site is optimized with the Yoast SEO plugin v18.8 - https:\/\/yoast.com\/wordpress\/plugins\/seo\/ -->\n<title>Portfolio - Ingenieros de Software y Sistemas - Virtual Cube Engineering<\/title>\n<meta name=\"description\" content=\"Portfolio\" \/>\n<meta name=\"robots\" content=\"index, follow, max-snippet:-1, max-image-preview:large, max-video-preview:-1\" \/>\n<link rel=\"canonical\" href=\"https:\/\/virtualcube-engineering.com\/en\/portfolio\/\" \/>\n<meta property=\"og:locale\" content=\"en_US\" \/>\n<meta property=\"og:type\" content=\"article\" \/>\n<meta property=\"og:title\" content=\"Portfolio - Ingenieros de Software y Sistemas - Virtual Cube Engineering\" \/>\n<meta property=\"og:description\" content=\"Portfolio\" \/>\n<meta property=\"og:url\" content=\"https:\/\/virtualcube-engineering.com\/en\/portfolio\/\" \/>\n<meta property=\"og:site_name\" content=\"Ingenieros de Software y Sistemas - Virtual Cube Engineering\" \/>\n<meta property=\"article:modified_time\" content=\"2022-05-03T12:45:42+00:00\" \/>\n<meta property=\"og:image\" content=\"https:\/\/virtualcube-engineering.com\/wp-content\/uploads\/2015\/10\/Captura-de-pantalla-2022-03-29-a-las-18.46.54-800x600.png\" \/>\n<meta name=\"twitter:card\" content=\"summary_large_image\" \/>\n<meta name=\"twitter:label1\" content=\"Est. reading time\" \/>\n\t<meta name=\"twitter:data1\" content=\"3 minutes\" \/>\n<script type=\"application\/ld+json\" class=\"yoast-schema-graph\">{\"@context\":\"https:\/\/schema.org\",\"@graph\":[{\"@type\":\"Organization\",\"@id\":\"https:\/\/virtualcube-engineering.com\/#organization\",\"name\":\"VIRTUAL CUBE ENGINEERING - EL BIT ALEGRE SL\",\"url\":\"https:\/\/virtualcube-engineering.com\/\",\"sameAs\":[],\"logo\":{\"@type\":\"ImageObject\",\"inLanguage\":\"en-US\",\"@id\":\"https:\/\/virtualcube-engineering.com\/#\/schema\/logo\/image\/\",\"url\":\"https:\/\/virtualcube-engineering.com\/wp-content\/uploads\/2022\/04\/logo-virtual-cube-header.png\",\"contentUrl\":\"https:\/\/virtualcube-engineering.com\/wp-content\/uploads\/2022\/04\/logo-virtual-cube-header.png\",\"width\":842,\"height\":158,\"caption\":\"VIRTUAL CUBE ENGINEERING - EL BIT ALEGRE SL\"},\"image\":{\"@id\":\"https:\/\/virtualcube-engineering.com\/#\/schema\/logo\/image\/\"}},{\"@type\":\"WebSite\",\"@id\":\"https:\/\/virtualcube-engineering.com\/#website\",\"url\":\"https:\/\/virtualcube-engineering.com\/\",\"name\":\"Ingenieros de Software y Sistemas - Virtual Cube Engineering\",\"description\":\"Gesti\u00f3n IT, administraci\u00f3n de sistemas, programaci\u00f3n a medida, procesos, software ERP y CRM para empresas\",\"publisher\":{\"@id\":\"https:\/\/virtualcube-engineering.com\/#organization\"},\"potentialAction\":[{\"@type\":\"SearchAction\",\"target\":{\"@type\":\"EntryPoint\",\"urlTemplate\":\"https:\/\/virtualcube-engineering.com\/?s={search_term_string}\"},\"query-input\":\"required name=search_term_string\"}],\"inLanguage\":\"en-US\"},{\"@type\":\"ImageObject\",\"inLanguage\":\"en-US\",\"@id\":\"https:\/\/virtualcube-engineering.com\/en\/portfolio\/#primaryimage\",\"url\":\"https:\/\/virtualcube-engineering.com\/wp-content\/uploads\/2015\/10\/Captura-de-pantalla-2022-03-29-a-las-18.46.54.png\",\"contentUrl\":\"https:\/\/virtualcube-engineering.com\/wp-content\/uploads\/2015\/10\/Captura-de-pantalla-2022-03-29-a-las-18.46.54.png\",\"width\":1580,\"height\":827},{\"@type\":\"WebPage\",\"@id\":\"https:\/\/virtualcube-engineering.com\/en\/portfolio\/#webpage\",\"url\":\"https:\/\/virtualcube-engineering.com\/en\/portfolio\/\",\"name\":\"Portfolio - Ingenieros de Software y Sistemas - Virtual Cube Engineering\",\"isPartOf\":{\"@id\":\"https:\/\/virtualcube-engineering.com\/#website\"},\"primaryImageOfPage\":{\"@id\":\"https:\/\/virtualcube-engineering.com\/en\/portfolio\/#primaryimage\"},\"datePublished\":\"2021-11-26T12:48:58+00:00\",\"dateModified\":\"2022-05-03T12:45:42+00:00\",\"description\":\"Portfolio\",\"breadcrumb\":{\"@id\":\"https:\/\/virtualcube-engineering.com\/en\/portfolio\/#breadcrumb\"},\"inLanguage\":\"en-US\",\"potentialAction\":[{\"@type\":\"ReadAction\",\"target\":[\"https:\/\/virtualcube-engineering.com\/en\/portfolio\/\"]}]},{\"@type\":\"BreadcrumbList\",\"@id\":\"https:\/\/virtualcube-engineering.com\/en\/portfolio\/#breadcrumb\",\"itemListElement\":[{\"@type\":\"ListItem\",\"position\":1,\"name\":\"Portada\",\"item\":\"https:\/\/virtualcube-engineering.com\/en\/\"},{\"@type\":\"ListItem\",\"position\":2,\"name\":\"Portfolio\"}]}]}<\/script>\n<!-- \/ Yoast SEO plugin. -->","yoast_head_json":{"title":"Portfolio - Ingenieros de Software y Sistemas - Virtual Cube Engineering","description":"Portfolio","robots":{"index":"index","follow":"follow","max-snippet":"max-snippet:-1","max-image-preview":"max-image-preview:large","max-video-preview":"max-video-preview:-1"},"canonical":"https:\/\/virtualcube-engineering.com\/en\/portfolio\/","og_locale":"en_US","og_type":"article","og_title":"Portfolio - Ingenieros de Software y Sistemas - Virtual Cube Engineering","og_description":"Portfolio","og_url":"https:\/\/virtualcube-engineering.com\/en\/portfolio\/","og_site_name":"Ingenieros de Software y Sistemas - Virtual Cube Engineering","article_modified_time":"2022-05-03T12:45:42+00:00","og_image":[{"url":"https:\/\/virtualcube-engineering.com\/wp-content\/uploads\/2015\/10\/Captura-de-pantalla-2022-03-29-a-las-18.46.54-800x600.png"}],"twitter_card":"summary_large_image","twitter_misc":{"Est. reading time":"3 minutes"},"schema":{"@context":"https:\/\/schema.org","@graph":[{"@type":"Organization","@id":"https:\/\/virtualcube-engineering.com\/#organization","name":"VIRTUAL CUBE ENGINEERING - EL BIT ALEGRE SL","url":"https:\/\/virtualcube-engineering.com\/","sameAs":[],"logo":{"@type":"ImageObject","inLanguage":"en-US","@id":"https:\/\/virtualcube-engineering.com\/#\/schema\/logo\/image\/","url":"https:\/\/virtualcube-engineering.com\/wp-content\/uploads\/2022\/04\/logo-virtual-cube-header.png","contentUrl":"https:\/\/virtualcube-engineering.com\/wp-content\/uploads\/2022\/04\/logo-virtual-cube-header.png","width":842,"height":158,"caption":"VIRTUAL CUBE ENGINEERING - EL BIT ALEGRE SL"},"image":{"@id":"https:\/\/virtualcube-engineering.com\/#\/schema\/logo\/image\/"}},{"@type":"WebSite","@id":"https:\/\/virtualcube-engineering.com\/#website","url":"https:\/\/virtualcube-engineering.com\/","name":"Ingenieros de Software y Sistemas - Virtual Cube Engineering","description":"Gesti\u00f3n IT, administraci\u00f3n de sistemas, programaci\u00f3n a medida, procesos, software ERP y CRM para empresas","publisher":{"@id":"https:\/\/virtualcube-engineering.com\/#organization"},"potentialAction":[{"@type":"SearchAction","target":{"@type":"EntryPoint","urlTemplate":"https:\/\/virtualcube-engineering.com\/?s={search_term_string}"},"query-input":"required name=search_term_string"}],"inLanguage":"en-US"},{"@type":"ImageObject","inLanguage":"en-US","@id":"https:\/\/virtualcube-engineering.com\/en\/portfolio\/#primaryimage","url":"https:\/\/virtualcube-engineering.com\/wp-content\/uploads\/2015\/10\/Captura-de-pantalla-2022-03-29-a-las-18.46.54.png","contentUrl":"https:\/\/virtualcube-engineering.com\/wp-content\/uploads\/2015\/10\/Captura-de-pantalla-2022-03-29-a-las-18.46.54.png","width":1580,"height":827},{"@type":"WebPage","@id":"https:\/\/virtualcube-engineering.com\/en\/portfolio\/#webpage","url":"https:\/\/virtualcube-engineering.com\/en\/portfolio\/","name":"Portfolio - Ingenieros de Software y Sistemas - Virtual Cube Engineering","isPartOf":{"@id":"https:\/\/virtualcube-engineering.com\/#website"},"primaryImageOfPage":{"@id":"https:\/\/virtualcube-engineering.com\/en\/portfolio\/#primaryimage"},"datePublished":"2021-11-26T12:48:58+00:00","dateModified":"2022-05-03T12:45:42+00:00","description":"Portfolio","breadcrumb":{"@id":"https:\/\/virtualcube-engineering.com\/en\/portfolio\/#breadcrumb"},"inLanguage":"en-US","potentialAction":[{"@type":"ReadAction","target":["https:\/\/virtualcube-engineering.com\/en\/portfolio\/"]}]},{"@type":"BreadcrumbList","@id":"https:\/\/virtualcube-engineering.com\/en\/portfolio\/#breadcrumb","itemListElement":[{"@type":"ListItem","position":1,"name":"Portada","item":"https:\/\/virtualcube-engineering.com\/en\/"},{"@type":"ListItem","position":2,"name":"Portfolio"}]}]}},"_links":{"self":[{"href":"https:\/\/virtualcube-engineering.com\/en\/wp-json\/wp\/v2\/pages\/9764"}],"collection":[{"href":"https:\/\/virtualcube-engineering.com\/en\/wp-json\/wp\/v2\/pages"}],"about":[{"href":"https:\/\/virtualcube-engineering.com\/en\/wp-json\/wp\/v2\/types\/page"}],"author":[{"embeddable":true,"href":"https:\/\/virtualcube-engineering.com\/en\/wp-json\/wp\/v2\/users\/1"}],"replies":[{"embeddable":true,"href":"https:\/\/virtualcube-engineering.com\/en\/wp-json\/wp\/v2\/comments?post=9764"}],"version-history":[{"count":7,"href":"https:\/\/virtualcube-engineering.com\/en\/wp-json\/wp\/v2\/pages\/9764\/revisions"}],"predecessor-version":[{"id":10537,"href":"https:\/\/virtualcube-engineering.com\/en\/wp-json\/wp\/v2\/pages\/9764\/revisions\/10537"}],"wp:attachment":[{"href":"https:\/\/virtualcube-engineering.com\/en\/wp-json\/wp\/v2\/media?parent=9764"}],"curies":[{"name":"wp","href":"https:\/\/api.w.org\/{rel}","templated":true}]}}